{"id":47514,"date":"2022-01-16T14:15:03","date_gmt":"2022-01-16T14:15:03","guid":{"rendered":"https:\/\/www.weeride.si\/Bez%20kategorije\/guto-nahrbtnik-za-nosenje-otroka-classic-crno-rumen\/"},"modified":"2025-07-30T19:55:59","modified_gmt":"2025-07-30T19:55:59","slug":"guto-ruksak-za-nosenje-djeteta-klasicni-crno-zuti","status":"publish","type":"product","link":"https:\/\/www.weeride.si\/hr\/ruksaci-za-nosenje-djeteta\/guto-ruksak-za-nosenje-djeteta-klasicni-crno-zuti\/","title":{"rendered":"Ruksak za no\u0161enje djeteta GUTO Classic &#8211; CRNO-\u017dUTI"},"content":{"rendered":"<p><strong>Boja:<\/strong><br \/>\n&#8211; Naran\u010da<br \/>\n&#8211; Crno &#8211; \u017euto<\/p>\n<p><strong>Dodaci:<\/strong><br \/>\n&#8211; Sjenilo sa za\u0161titnom folijom, te\u017eina 0,19 kg<br \/>\n&#8211; Po potrebi se sjenilo mo\u017ee skinuti<br \/>\n&#8211; Sjenilo je dodatno oja\u010dano<br \/>\n&#8211; Folija na bo\u010dnim stranama vizira \u0161titi od ki\u0161e i vjetra<\/p>\n<p><strong>Pakiranje:<\/strong><br \/>\n&#8211; Pakirano u za\u0161titnu foliju<br \/>\n&#8211; Pakirano u kutiju od petoslojnog valovitog kartona<br \/>\n&#8211; Ekolo\u0161ka ambala\u017ea<br \/>\n&#8211; Dimenzije pakiranja: 76x39x20,5 cm<br \/>\n&#8211; Bruto te\u017eina s pakiranjem 3,3 kg<\/p>\n","protected":false},"excerpt":{"rendered":"<p>&nbsp;<\/p>\n<div class=\"et_pb_module et_pb_wc_description et_pb_wc_description_0_tb_body et_pb_bg_layout_light et_pb_text_align_left\">\n<div class=\"et_pb_module_inner\">\n<p><strong>Povoljan i kvalitetan ruksak za no\u0161enje djeteta GUTO Classic<\/strong><\/p>\n<p><strong>Zna\u010dajke:<\/strong><\/p>\n<p>\u2013 Fantasti\u010dan, \u010dvrst, moderan izgled<br \/>\n&#8211; Vrlo lagan, samo 2,16 kg &#8211; \u010cvrsta i stabilna struktura, zahvaljuju\u0107i okviru od lakih metalnih legura<br \/>\n\u2013 Stalak se mo\u017ee sklopiti za putovanje ili tijekom putovanja<br \/>\n\u2013 Kada izvu\u010dete okvir, nosa\u010d stoji mirno na podu<br \/>\n\u2013 Za\u0161tita od slu\u010dajnog sklapanja<br \/>\n\u2013 Noge stalka imaju plasti\u010dnu za\u0161titu od klizanja<br \/>\n\u2013 <strong>Ruksak za no\u0161enje djeteta<\/strong> ima uzengije podesive po visini za djetetove noge<br \/>\n\u2013 Zauzima malo prostora kada se sklopi<br \/>\n\u2013 Za djecu od cca 6 mjeseci (dijete mora mirno sjediti)<br \/>\n\u2013 Dimenzije 75 x 38 cm<br \/>\n\u2013 Dvije boje na izbor \u2013 NARAN\u010cASTA i \u017dUTA\/CRNA<\/p>\n<p><strong>Udobnost<\/strong><br \/>\n\u2013 Vrlo lagana konstrukcija &#8211; 2,16 kg<br \/>\n\u2013 KomfortFit sustav, za savr\u0161eno pristajanje djetetu<br \/>\n\u2013 Mekano sjedalo za dijete<br \/>\n\u2013 Debeli i mekani rubovi od pli\u0161a na prednjoj i bo\u010dnim stranama jastuka<br \/>\n\u2013 Debeli i mekani rubovi od pli\u0161a sa strane bebine glave<br \/>\n\u2013 Mekani pli\u0161ani ukrasi na sigurnosnim pojasevima<br \/>\n&#8211; Prednji, mekani pli\u0161ani jastuk pri\u010dvr\u0161\u0107uje se \u010di\u010dak trakom (\u010di\u010dak trakom) za jednostavno uklanjanje i pranje<br \/>\n\u2013 Bo\u010dni, oja\u010dani rubovi s trakama za pode\u0161avanje nagiba djeteta<br \/>\n\u2013 SuperFit sustav koji savr\u0161eno odgovara roditelju<br \/>\n\u2013 Sustav stra\u017enje ventilacije<br \/>\n\u2013 Debele i mekane trake za no\u0161enje, potpuno podesive<br \/>\n\u2013 Pode\u0161avanje visine traka za no\u0161enje<br \/>\n\u2013 Prsni remen podesiv po visini i duljini<br \/>\n\u2013 Oba remena imaju ru\u010dke za pri\u010dvr\u0161\u0107ivanje dodatnih predmeta<br \/>\n\u2013 Ekstra debeli i mekani bo\u010dni pojas za ve\u0107u udobnost<br \/>\n\u2013 Pojas za bokove podesiv s obje strane<br \/>\n\u2013 Na bo\u010dnom pojasu nalazi se d\u017eep s patentnim zatvara\u010dem<br \/>\n\u2013 Dio ruksaka koji dodiruje le\u0111a ima u\u0161ivenu gustu, meku \u201cpjenu\u201d koja osigurava cirkulaciju zraka<br \/>\n\u2013 Ru\u010dka na vrhu ruksaka za jednostavno postavljanje na le\u0111a i no\u0161enje nosiljke.<br \/>\n\u2013 Na dnu <strong>nosiljke<\/strong> nalazi se veliki glavni pretinac koji se zatvara patentnim zatvara\u010dem<br \/>\n\u2013 Glavna ladica je podesiva po visini<br \/>\n\u2013 Na stra\u017enjoj strani ruksaka nalazi se veliki mre\u017easti d\u017eep<br \/>\n\u2013 Na bo\u010dnim stranama ruksaka nalaze se dva mre\u017easta d\u017eepa s elastikom<br \/>\n\u2013 Po potrebi sa strane mo\u017eete pri\u010dvrstiti sjenilo s folijom za za\u0161titu od sunca i\/ili ki\u0161e<br \/>\n\u2013 Uzengije podesive po visini za dje\u010dja stopala<\/p>\n<p><strong>Sigurnost:<\/strong><br \/>\n\u2013 Stabilizaciju osiguravaju potpuno podesive trake<br \/>\n\u2013 Za bolju stabilizaciju koriste se grudni pojas i bo\u010dni pojas<br \/>\n\u2013 Trake za no\u0161enje su oja\u010dane jakim trakama s pode\u0161avanjem visine na dnu ruksaka (dvostruka sigurnost)<br \/>\n\u2013 Visina naramenica je podesiva<br \/>\n\u2013 Za bolju stabilizaciju, prsni pojas se mo\u017ee podesiti prema visini traka za no\u0161enje<br \/>\n\u2013 Jo\u0161 ve\u0107a stabilizacija omogu\u0107ena je pode\u0161avanjem duljine remena za prsa<br \/>\n\u2013 Bo\u010dni pojas je podesiv s desne i lijeve strane<br \/>\n\u2013 Sigurnosni pojasevi za djecu su u 5 to\u010daka i potpuno podesivi<br \/>\n\u2013 Sjedalo je mekano, izra\u0111eno od pli\u0161a, \u0161to osigurava veliku udobnost za dijete<br \/>\n\u2013 Sjedalo je podesivo po visini<br \/>\n\u2013 Sklopivi stra\u017enji nosa\u010d<br \/>\n\u2013 Brava protiv slu\u010dajnog sklapanja<br \/>\n\u2013 Ruksak ima reflektiraju\u0107e elemente na stra\u017enjoj strani glavnog odjeljka i na obje strane pojasa<br \/>\n\u2013 Oko prilo\u017eenog vizira tako\u0111er je na\u0161iven reflektiraju\u0107i element<br \/>\n\u2013 Norma kvalitete: EN 13209: 2004<br \/>\n\u2013 SGS certifikat<\/p>\n<\/div>\n<\/div>\n","protected":false},"featured_media":46617,"comment_status":"open","ping_status":"closed","template":"","meta":{"_acf_changed":false,"_seopress_robots_primary_cat":"none","_seopress_titles_title":"GUTO RUKSAK ZA NO\u0160ENJE DJETETA","_seopress_titles_desc":"GUTO SPORT najlak\u0161i ruksak za no\u0161enje djeteta - samo 1,6 kg!","_seopress_robots_index":"","_et_pb_use_builder":"","_et_pb_old_content":"","_et_gb_content_width":""},"product_brand":[],"product_cat":[61,70],"product_tag":[],"class_list":{"0":"post-47514","1":"product","2":"type-product","3":"status-publish","4":"has-post-thumbnail","6":"product_cat-guto-sport-hr","7":"product_cat-ruksaci-za-nosenje-djeteta","9":"first","10":"instock","11":"shipping-taxable","12":"purchasable","13":"product-type-simple"},"acf":[],"_links":{"self":[{"href":"https:\/\/www.weeride.si\/hr\/wp-json\/wp\/v2\/product\/47514","targetHints":{"allow":["GET"]}}],"collection":[{"href":"https:\/\/www.weeride.si\/hr\/wp-json\/wp\/v2\/product"}],"about":[{"href":"https:\/\/www.weeride.si\/hr\/wp-json\/wp\/v2\/types\/product"}],"replies":[{"embeddable":true,"href":"https:\/\/www.weeride.si\/hr\/wp-json\/wp\/v2\/comments?post=47514"}],"wp:featuredmedia":[{"embeddable":true,"href":"https:\/\/www.weeride.si\/hr\/wp-json\/wp\/v2\/media\/46617"}],"wp:attachment":[{"href":"https:\/\/www.weeride.si\/hr\/wp-json\/wp\/v2\/media?parent=47514"}],"wp:term":[{"taxonomy":"product_brand","embeddable":true,"href":"https:\/\/www.weeride.si\/hr\/wp-json\/wp\/v2\/product_brand?post=47514"},{"taxonomy":"product_cat","embeddable":true,"href":"https:\/\/www.weeride.si\/hr\/wp-json\/wp\/v2\/product_cat?post=47514"},{"taxonomy":"product_tag","embeddable":true,"href":"https:\/\/www.weeride.si\/hr\/wp-json\/wp\/v2\/product_tag?post=47514"}],"curies":[{"name":"wp","href":"https:\/\/api.w.org\/{rel}","templated":true}]}}