{"id":47507,"date":"2022-01-16T19:53:37","date_gmt":"2022-01-16T19:53:37","guid":{"rendered":"https:\/\/www.weeride.si\/Bez%20kategorije\/guto-fleksibilni-univerzalni-nosac-za-montazu\/"},"modified":"2023-05-10T09:42:56","modified_gmt":"2023-05-10T09:42:56","slug":"guto-fleksibilni-univerzalni-montazni-nosac","status":"publish","type":"product","link":"https:\/\/www.weeride.si\/hr\/ostatak\/guto-fleksibilni-univerzalni-montazni-nosac\/","title":{"rendered":"GUTO &#8211; Fleksibilni, univerzalni nosa\u010d za monta\u017eu"},"content":{"rendered":"","protected":false},"excerpt":{"rendered":"<p>-Brza i jednostavna monta\u017ea<br \/>\n-Za bilo koji bicikl, motocikl, kolica, prikolicu, \u010damac, ogradu, cijevi itd.<br \/>\n-Za svaki proizvod: pametni telefon, tablet, navigacija, kamera, svjetiljka, boca itd.<br \/>\n-Mogu\u0107nost pozicioniranja objekta (smartphone, tablet, navigacija) vodoravno ili okomito, ovisno o potrebama.<br \/>\n-Fleksibilnu GUTO nosiljku uvijek mo\u017eete nositi u d\u017eepu i koristiti po potrebi.<br \/>\n-Izra\u0111en od visokokvalitetnog posebnog elastomera na bazi silikona.<br \/>\n-Siguran za kori\u0161tenje.<br \/>\n&#8211; Otpornost na udarce. Obla\u017ee i izolira pri\u010dvr\u0161\u0107eni predmet od dr\u017ea\u010da (vaga).<br \/>\n-Sirovi materijal od kojeg je napravljena GUTO nosiljka ne klizi. \u010cvrsto i sna\u017eno dr\u017ei pri\u010dvr\u0161\u0107eni predmet.<br \/>\n<strong><em>&#8211; Proizvod ima patent za izum. Sva autorska prava pridr\u017eana. Dizajnirano u Poljskoj.<\/em><\/strong><\/p>\n<ol>\n<li><strong>Kako radi?<br \/>\n<\/strong>Postavite nosa\u010d na upravlja\u010d (cijev, upravlja\u010d, balans, itd.) i gurnite dio nosa\u010da kroz utor.<br \/>\nPovucite &#8220;kuke&#8221; gore i van. Nosa\u010d je pri\u010dvr\u0161\u0107en. Sada mo\u017eete prilo\u017eiti bilo koji predmet.<br \/>\nPovucite &#8220;kuke&#8221; oko uglova pametnog telefona (fotoaparata, svjetiljke, tableta, boce ili drugog predmeta) odozdo i predmet je pri\u010dvr\u0161\u0107en.<\/li>\n<\/ol>\n<p>Inovativnost izuma je kori\u0161tenje jedinstvenog rje\u0161enja u svjetskim razmjerima na temelju kojeg je izum patentiran. Osim toga, fleksibilni monta\u017eni nosa\u010d karakterizira:<br \/>\n&#8211; Univerzalna uporaba. Bilo koji predmet bilo kojeg oblika mo\u017ee se pri\u010dvrstiti samo ovim jednim nosa\u010dem. Osim toga, element se mo\u017ee montirati okomito ili vodoravno, ovisno o potrebama korisnika. Nosa\u010d se mo\u017ee postaviti bilo gdje, bilo kada i pod svim uvjetima.<br \/>\n&#8211; Podesivi nosa\u010d izra\u0111en je od posebnog elastomera. Ima visoku vla\u010dnu \u010dvrsto\u0107u i memoriju oblika (nakon uporabe vra\u0107a se u prvobitni oblik). Zahvaljuju\u0107i kori\u0161tenju elastomera, proizvod je vrlo fleksibilan, raste\u017ee se do zna\u010dajne veli\u010dine i lako se vra\u0107a u prvobitni oblik. Osim toga, upotrijebljeni silikonski materijal siguran je za uporabu i omogu\u0107uje dobro prianjanje ru\u010dke na povr\u0161inu, sprje\u010davaju\u0107i pomicanje predmeta itd. Elastomer tako\u0111er ima otpornost na pritisak i elasti\u010dna svojstva, zbog \u010dega apsorbira udarce.<\/p>\n<p><strong>Format:<\/strong><br \/>\nFleksibilni nosa\u010d dizajniran je tako da mo\u017eete pri\u010dvrstiti bilo koji predmet na bilo koju prakti\u010dnu ru\u010dku, vagu, ogradu, cijev itd. Podno\u017eje predmeta ima poseban oblik koji poma\u017ee da predmet ostane u ispravnom vodoravnom ili okomitom polo\u017eaju. Osim toga, baza ru\u010dke osigurava apsorpciju udaraca i za\u0161titu.<\/p>\n<p><strong>Veli\u010dina:<\/strong><br \/>\nFleksibilna ru\u010dka je mekana, pa se mo\u017ee smotati i spremiti, npr. u d\u017eepu i ponovno ga upotrijebite kada se uka\u017ee potreba. S druge strane, vrlo je rastezljiva i na nju se mogu pri\u010dvrstiti ve\u0107i predmeti, poput tableta.<\/p>\n<p><strong>\u0160tednja:<\/strong><br \/>\nZahvaljuju\u0107i GUTO univerzalnom nosa\u010du mo\u017eemo montirati bilo koji predmet. Zahvaljuju\u0107i tome eliminiramo potrebu za nekoliko dr\u017ea\u010da za svaki predmet zasebno. Na primjer, biciklisti imaju razne stvari poput telefona, svjetiljke, boce vode, navigacije itd. Svaka od ovih stavki ima svoj nosa\u010d za monta\u017eu. Rezultat je nedostatak prostora na upravlja\u010du bicikla. S na\u0161im fleksibilnim GUTO nosa\u010dem mo\u017eete ukloniti druge nosa\u010de i koristiti jedan univerzalni &#8211; GUTO.<\/p>\n","protected":false},"featured_media":45617,"comment_status":"open","ping_status":"closed","template":"","meta":{"_acf_changed":false,"_seopress_robots_primary_cat":"none","_seopress_titles_title":"","_seopress_titles_desc":"","_seopress_robots_index":"","_et_pb_use_builder":"","_et_pb_old_content":"","_et_gb_content_width":""},"product_brand":[],"product_cat":[61,75],"product_tag":[],"class_list":{"0":"post-47507","1":"product","2":"type-product","3":"status-publish","4":"has-post-thumbnail","6":"product_cat-guto-sport-hr","7":"product_cat-ostatak","9":"first","10":"instock","11":"shipping-taxable","12":"purchasable","13":"product-type-simple"},"acf":[],"_links":{"self":[{"href":"https:\/\/www.weeride.si\/hr\/wp-json\/wp\/v2\/product\/47507","targetHints":{"allow":["GET"]}}],"collection":[{"href":"https:\/\/www.weeride.si\/hr\/wp-json\/wp\/v2\/product"}],"about":[{"href":"https:\/\/www.weeride.si\/hr\/wp-json\/wp\/v2\/types\/product"}],"replies":[{"embeddable":true,"href":"https:\/\/www.weeride.si\/hr\/wp-json\/wp\/v2\/comments?post=47507"}],"wp:featuredmedia":[{"embeddable":true,"href":"https:\/\/www.weeride.si\/hr\/wp-json\/wp\/v2\/media\/45617"}],"wp:attachment":[{"href":"https:\/\/www.weeride.si\/hr\/wp-json\/wp\/v2\/media?parent=47507"}],"wp:term":[{"taxonomy":"product_brand","embeddable":true,"href":"https:\/\/www.weeride.si\/hr\/wp-json\/wp\/v2\/product_brand?post=47507"},{"taxonomy":"product_cat","embeddable":true,"href":"https:\/\/www.weeride.si\/hr\/wp-json\/wp\/v2\/product_cat?post=47507"},{"taxonomy":"product_tag","embeddable":true,"href":"https:\/\/www.weeride.si\/hr\/wp-json\/wp\/v2\/product_tag?post=47507"}],"curies":[{"name":"wp","href":"https:\/\/api.w.org\/{rel}","templated":true}]}}