{"id":46169,"date":"2022-01-14T20:02:08","date_gmt":"2022-01-14T20:02:08","guid":{"rendered":"https:\/\/www.weeride.si\/Bez%20kategorije\/guto-nahrbtnik-za-nosenje-otroka-zelen\/"},"modified":"2023-05-10T09:40:24","modified_gmt":"2023-05-10T09:40:24","slug":"guto-ruksak-za-nosenje-djeteta-zeleni","status":"publish","type":"product","link":"https:\/\/www.weeride.si\/hr\/ruksaci-za-nosenje-djeteta\/guto-ruksak-za-nosenje-djeteta-zeleni\/","title":{"rendered":"GUTO Deluxe ruksak za no\u0161enje bebe &#8211; ZELENI"},"content":{"rendered":"<p><strong>Pakiranje:<\/strong><\/p>\n<p>&#8211; Pakirano u za\u0161titnu foliju<br \/>\n&#8211; Pakirano u kutiju od petoslojnog valovitog kartona<br \/>\n&#8211; Ekolo\u0161ka ambala\u017ea<br \/>\n&#8211; Dimenzije pakiranja: 69 x 33 x 19 cm<br \/>\n&#8211; Bruto te\u017eina s pakiranjem 2,9 kg<\/p>\n<p><strong>Boja:<\/strong><br \/>\n&#8211; zelena<br \/>\n&#8211; mornarsko plava<\/p>\n","protected":false},"excerpt":{"rendered":"<p><strong>Najbolji i najlak\u0161i (1,6 kg!)<\/strong> <strong>ruksak za no\u0161enje djeteta GUTO Deluxe<\/strong><\/p>\n<p>&#8211; Savr\u0161eno uskla\u0111eno<br \/>\n&#8211; Nevjerojatno udoban i prostran<br \/>\n&#8211; Ultra lagan &#8211; samo 1,6 kg &#8211; NAJLAK\u0160I NA TR\u017dI\u0160TU!<br \/>\n&#8211; Super stabilan<br \/>\n&#8211; i jo\u0161 mnogo toga nudi GUTO<\/p>\n<p><strong>Sastav:<\/strong><br \/>\n&#8211; Fantasti\u010dan, \u010dvrst, moderan izgled<br \/>\n&#8211; Nevjerojatno lagan, samo 1,6 kg<br \/>\n&#8211; \u010cvrsta i stabilna struktura, zahvaljuju\u0107i okviru od lakih metalnih legura<br \/>\n&#8211; Vanjski materijal je vodootporan, voda slobodno te\u010de s njegove povr\u0161ine<br \/>\n&#8211; Poseban dizajn omogu\u0107uje skidanje materijala sa postolja, \u0161to \u0107e vam dobro do\u0107i kada ga \u017eelite oprati<br \/>\n&#8211; Okvir na kriti\u010dnim mjestima je omotan pjenastom za\u0161titom<br \/>\n&#8211; Okvir je potpuno nevidljiv jer je potpuno oblo\u017een materijalom<br \/>\n&#8211; Nudi nevjerojatnu koli\u010dinu prostora zahvaljuju\u0107i strukturi koja se temelji na skrivenom okviru<br \/>\n&#8211; \u010cvrsto stoji na podu nakon istezanja<br \/>\n&#8211; Mo\u017ee se sklopiti prakti\u010dki ravno<br \/>\n&#8211; Donji dio nosiljke je gumiran \u0161to sprje\u010dava o\u0161te\u0107enje materijala &#8211; tkanine<br \/>\n&#8211; Zauzima vrlo malo prostora kada se sklopi<br \/>\n&#8211; Nova tekstura materijala<br \/>\n&#8211; Otporan na habanje 600D Oxford materijal<br \/>\n&#8211; Vodootporan materijal<br \/>\n&#8211; Sjenilo pri\u010dvr\u0161\u0107eno na fleksibilne ru\u010dke (stabilno, \u010dak i na jakom vjetru)<br \/>\n&#8211; Suncobran je skriven u na\u0161ivenom d\u017eepu ruksaka<br \/>\n&#8211; Dodatni d\u017eepovi sa strane nosiljke i iznutra<br \/>\n&#8211; Uzengije za stopala za djecu<br \/>\n&#8211; Navlaka za ki\u0161u<br \/>\n&#8211; Za djecu od cca. 6 mjeseci (dijete mora mirno sjediti)<\/p>\n<p><strong>Udobnost:<\/strong><br \/>\n&#8211; Ultra lagan dizajn<br \/>\n&#8211; KomfortFit sustav za savr\u0161eno pristajanje djetetu<br \/>\n&#8211; Debelo i mekano sjedalo za dijete<br \/>\n&#8211; Debeli i mekani rubovi &#8220;pjene&#8221; na jastuku i na prednjem dijelu<br \/>\n&#8211; Bo\u010dni mekani rubovi oko bebine glave<br \/>\n&#8211; Prednji, mekani pli\u0161ani jastuk kop\u010da se na \u010di\u010dak (\u010di\u010dak traku) za jednostavno otkop\u010davanje i pranje<br \/>\n&#8211; Dodatna strana, oja\u010dani rubovi s trakama za pode\u0161avanje nagiba djeteta<br \/>\n&#8211; SuperFit sustav koji savr\u0161eno odgovara roditelju<br \/>\n&#8211; Sustav stra\u017enje ventilacije<br \/>\n&#8211; Debele i mekane trake za no\u0161enje, potpuno podesive<br \/>\n&#8211; Prsni remen podesiv po visini i duljini<br \/>\n&#8211; Ekstra debeli i mekani bo\u010dni pojas za ve\u0107u udobnost<br \/>\n&#8211; Pojas za kukove podesiv u oba dijela<br \/>\n&#8211; Prakti\u010dni d\u017eepovi nalaze se s desne i lijeve strane pojasa za kukove<br \/>\n&#8211; Ruksak ima mnogo d\u017eepova i pretinaca<br \/>\n&#8211; Dio ruksaka koji dodiruje le\u0111a pro\u0161iven je gustom, mekom &#8220;pjenom&#8221; koja osigurava prozra\u010dnost i cirkulaciju zraka<br \/>\n&#8211; Dvije ru\u010dke (opcija) na vrhu ruksaka za jednostavno postavljanje na le\u0111a i no\u0161enje ruksaka.<br \/>\n&#8211; Dizajn ruksaka omogu\u0107uje potpuno iskori\u0161tavanje prostora oko okvira za utovar prtljage<br \/>\n&#8211; Veliki d\u017eep na pole\u0111ini omogu\u0107uje spakiranje svih potrebnih i nepotrebnih stvari<br \/>\n&#8211; Koristan patentni zatvara\u010d omogu\u0107uje otvaranje stra\u017enjeg d\u017eepa i s desne i s lijeve strane. Mogu\u0107nost djelomi\u010dnog otvaranja, imamo pristup predmetu koji tra\u017eimo, bez straha da \u0107e nam ostale stvari ispasti.<br \/>\n&#8211; Dodatni odvojivi ruksak za dijete<br \/>\n&#8211; Dodatni ruksak nudi nam jo\u0161 5 d\u017eepova, od kojih 2 s patentnim zatvara\u010dima i 2 mre\u017easta d\u017eepa s gumicom<br \/>\n&#8211; Dodatni ruksak ima podesive naramenice kako bi odgovarao &#8220;malom turistu&#8221;<br \/>\n&#8211; Ruksak ima &#8220;uzicu&#8221; koja zajedno s ruksakom \u010dini pojas za sprje\u010davanje pada djeteta<br \/>\n&#8211; Po potrebi se mo\u017ee postaviti sjenilo za za\u0161titu od sunca i\/ili ki\u0161e<br \/>\n&#8211; Sjenilo skriveno u posebnom d\u017eepu<br \/>\n&#8211; Suncobran s elasti\u010dnim trakama koji \u0161titi od vjetra i sunca<br \/>\n&#8211; Navlaka za ki\u0161u<br \/>\n&#8211; Uzengije za stopala za djecu<\/p>\n<p><strong>Sigurnost:<\/strong><br \/>\n&#8211; Stabilizaciju osiguravaju potpuno podesive trake<br \/>\n&#8211; Prsni pojas i bo\u010dni pojas koriste se za bolju stabilizaciju<br \/>\n&#8211; Trake za no\u0161enje su oja\u010dane jakim trakama s pode\u0161avanjem visine na dnu nosiljke (dvostruka sigurnost)<br \/>\n&#8211; Za bolju stabilizaciju, prsni pojas se mo\u017ee podesiti prema visini traka za no\u0161enje<br \/>\n&#8211; Jo\u0161 ve\u0107a stabilizacija omogu\u0107ena je pode\u0161avanjem duljine remena za prsa<br \/>\n&#8211; Bo\u010dni pojas je podesiv i s desne i s lijeve strane<br \/>\n&#8211; Za ve\u0107u sigurnost, pojas za kukove je pri\u010dvr\u0161\u0107en na 4 podesive jake trake<br \/>\n&#8211; Sigurnosni pojasevi u 5 to\u010daka potpuno podesivi<br \/>\n&#8211; Sjedalo je debelo i mekano, \u0161to pru\u017ea veliku udobnost za dijete<br \/>\n&#8211; Sjedalo je podesivo po visini<br \/>\n&#8211; Za ve\u0107u sigurnost postoje dvostruki bo\u010dni rubovi u visini djetetove glave, i s desne i s lijeve strane nosiljke<br \/>\n&#8211; Ruksak ima debeli, vrlo mekani &#8220;jastuk&#8221; u\u0161iven u prednji i stra\u017enji dio glave kako bi pru\u017eio meku potporu<br \/>\n&#8211; Ruksak ima &#8220;uzicu&#8221; koja zajedno s ruksakom \u010dini pojas za sprje\u010davanje pada djeteta<br \/>\n&#8211; Norma kvalitete: EN 13209-1: 2004<br \/>\n&#8211; Posjeduje TUV certifikat<\/p>\n<p><strong>Dodaci:<\/strong><br \/>\n&#8211; Dodatni odvojivi ruksak za dijete te\u017eine 0,16 kg<br \/>\n&#8211; Ruksak se mo\u017ee nositi neovisno o nosiljci<br \/>\n&#8211; Ruksak se mo\u017ee otkop\u010dati i dati djetetu ako se \u017eeli osje\u0107ati kao pravi turist<br \/>\n&#8211; Ruksak ima &#8220;uzicu&#8221; koja zajedno s ruksakom \u010dini pojas za sprje\u010davanje pada djeteta<br \/>\n&#8211; Sklopivi suncobran na fleksibilnoj konstrukciji pru\u017ea u\u010dinkovitu za\u0161titu od sunca i\/ili vjetra<br \/>\n&#8211; Sjenilo pri\u010dvr\u0161\u0107eno elasti\u010dnim trakama<br \/>\n&#8211; Ki\u0161na navlaka koja pokriva cijelu nosiljku<br \/>\n&#8211; Uzengije za dje\u010dje noge podesive po visini<\/p>\n","protected":false},"featured_media":46997,"comment_status":"open","ping_status":"closed","template":"","meta":{"_acf_changed":false,"_seopress_robots_primary_cat":"none","_seopress_titles_title":"GUTO RUKSAK ZA NO\u0160ENJE DJETETA","_seopress_titles_desc":"GUTO SPORT najlak\u0161i ruksak za no\u0161enje djeteta - samo 1,6 kg! ","_seopress_robots_index":"","_et_pb_use_builder":"","_et_pb_old_content":"","_et_gb_content_width":""},"product_brand":[],"product_cat":[61,70],"product_tag":[],"class_list":{"0":"post-46169","1":"product","2":"type-product","3":"status-publish","4":"has-post-thumbnail","6":"product_cat-guto-sport-hr","7":"product_cat-ruksaci-za-nosenje-djeteta","9":"first","10":"instock","11":"shipping-taxable","12":"purchasable","13":"product-type-simple"},"acf":[],"_links":{"self":[{"href":"https:\/\/www.weeride.si\/hr\/wp-json\/wp\/v2\/product\/46169","targetHints":{"allow":["GET"]}}],"collection":[{"href":"https:\/\/www.weeride.si\/hr\/wp-json\/wp\/v2\/product"}],"about":[{"href":"https:\/\/www.weeride.si\/hr\/wp-json\/wp\/v2\/types\/product"}],"replies":[{"embeddable":true,"href":"https:\/\/www.weeride.si\/hr\/wp-json\/wp\/v2\/comments?post=46169"}],"wp:featuredmedia":[{"embeddable":true,"href":"https:\/\/www.weeride.si\/hr\/wp-json\/wp\/v2\/media\/46997"}],"wp:attachment":[{"href":"https:\/\/www.weeride.si\/hr\/wp-json\/wp\/v2\/media?parent=46169"}],"wp:term":[{"taxonomy":"product_brand","embeddable":true,"href":"https:\/\/www.weeride.si\/hr\/wp-json\/wp\/v2\/product_brand?post=46169"},{"taxonomy":"product_cat","embeddable":true,"href":"https:\/\/www.weeride.si\/hr\/wp-json\/wp\/v2\/product_cat?post=46169"},{"taxonomy":"product_tag","embeddable":true,"href":"https:\/\/www.weeride.si\/hr\/wp-json\/wp\/v2\/product_tag?post=46169"}],"curies":[{"name":"wp","href":"https:\/\/api.w.org\/{rel}","templated":true}]}}