{"id":44930,"date":"2019-11-22T00:27:41","date_gmt":"2019-11-22T00:27:41","guid":{"rendered":"https:\/\/www.weeride.si\/Bez%20kategorije\/weeride-univerzalni-adapter-okrogel\/"},"modified":"2026-03-05T07:55:20","modified_gmt":"2026-03-05T07:55:20","slug":"weeride-univerzalni-adapter-okrugli","status":"publish","type":"product","link":"https:\/\/www.weeride.si\/hr\/djecje-sjedalice-za-bicikl\/weeride-univerzalni-adapter-okrugli\/","title":{"rendered":"WEERIDE UNIVERZALNI ADAPTER &#8211; OKRUGLI"},"content":{"rendered":"","protected":false},"excerpt":{"rendered":"<p>&#8211; Ovaj adapter je plasti\u010dni odstojnik koji pove\u0107ava visinu cijevi upravlja\u010da (balanser) tako da tamo mo\u017eete montirati nosa\u010d sjedala va\u0161eg WeeRidea.<br \/>\n-Namijenjeno za bicikle koji imaju manje od 5 mm fiksnog prostora ispod balansera ili cijev deblju od 45 mm.<br \/>\n-Instalacija je brza i jednostavna te omogu\u0107uje glatku rotaciju vage.<br \/>\n-S ovim adapterom mogu\u0107e je ugraditi WeeRide sjedala na 99% svih bicikala na tr\u017ei\u0161tu!<\/p>\n<p>Demonstracija jednostavne instalacije dostupna je na donjoj poveznici:<\/p>\n<p>https:\/\/www.youtube.com\/watch?v=jevehxfmTXg&amp;feature=emb_title<\/p>\n","protected":false},"featured_media":44909,"comment_status":"open","ping_status":"closed","template":"","meta":{"_acf_changed":false,"_seopress_robots_primary_cat":"none","_seopress_titles_title":"","_seopress_titles_desc":"","_seopress_robots_index":"","_et_pb_use_builder":"","_et_pb_old_content":"","_et_gb_content_width":""},"product_brand":[],"product_cat":[79,75,32],"product_tag":[],"class_list":{"0":"post-44930","1":"product","2":"type-product","3":"status-publish","4":"has-post-thumbnail","6":"product_cat-djecje-sjedalice-za-bicikl","7":"product_cat-ostatak","8":"product_cat-weeride","10":"first","11":"instock","12":"shipping-taxable","13":"purchasable","14":"product-type-simple"},"acf":[],"_links":{"self":[{"href":"https:\/\/www.weeride.si\/hr\/wp-json\/wp\/v2\/product\/44930","targetHints":{"allow":["GET"]}}],"collection":[{"href":"https:\/\/www.weeride.si\/hr\/wp-json\/wp\/v2\/product"}],"about":[{"href":"https:\/\/www.weeride.si\/hr\/wp-json\/wp\/v2\/types\/product"}],"replies":[{"embeddable":true,"href":"https:\/\/www.weeride.si\/hr\/wp-json\/wp\/v2\/comments?post=44930"}],"wp:featuredmedia":[{"embeddable":true,"href":"https:\/\/www.weeride.si\/hr\/wp-json\/wp\/v2\/media\/44909"}],"wp:attachment":[{"href":"https:\/\/www.weeride.si\/hr\/wp-json\/wp\/v2\/media?parent=44930"}],"wp:term":[{"taxonomy":"product_brand","embeddable":true,"href":"https:\/\/www.weeride.si\/hr\/wp-json\/wp\/v2\/product_brand?post=44930"},{"taxonomy":"product_cat","embeddable":true,"href":"https:\/\/www.weeride.si\/hr\/wp-json\/wp\/v2\/product_cat?post=44930"},{"taxonomy":"product_tag","embeddable":true,"href":"https:\/\/www.weeride.si\/hr\/wp-json\/wp\/v2\/product_tag?post=44930"}],"curies":[{"name":"wp","href":"https:\/\/api.w.org\/{rel}","templated":true}]}}