{"id":44851,"date":"2019-11-22T00:25:41","date_gmt":"2019-11-22T00:25:41","guid":{"rendered":"https:\/\/www.weeride.si\/?post_type=product&#038;p=44851"},"modified":"2026-03-28T22:13:18","modified_gmt":"2026-03-28T22:13:18","slug":"djecja-sjedalica-za-bicikl-weeride-safefront-deluxe-denim","status":"publish","type":"product","link":"https:\/\/www.weeride.si\/hr\/djecje-sjedalice-za-bicikl\/djecja-sjedalica-za-bicikl-weeride-safefront-deluxe-denim\/","title":{"rendered":"Dje\u010dja sjedalica za biciklu WEERIDE Deluxe (sme\u0111a)"},"content":{"rendered":"<p>Tehni\u010dke karakteristike:<\/p>\n<p>-Jednostavna monta\u017ea i demonta\u017ea za samostalnu vo\u017enju;<br \/>\n-podesiva stopala za no\u017eice;<br \/>\n-dostupan dodatni nosa\u010d za vo\u017enju s drugim biciklom;<br \/>\n-te\u017eina sjedalice 3,2 kg;<br \/>\n-pogodno za djecu od 1 do 4 godine;<br \/>\n-sigurnosno testirano kod neovisne njema\u010dke tvrtke T\u00dcV i potpuno u skladu s Europskim standardom EN14344.<br \/>\n-paket sadr\u017ei: sjedalicu WeeRide, nosa\u010d WeeRide sjedalice, alat za monta\u017eu, upute za uporabu.<\/p>\n<p>Garancija:<\/p>\n<p>Prodava\u010d nudi potpunu 2-godi\u0161nju garanciju. Osim toga, u slu\u010daju da vam sjedalica iz bilo kojeg razloga ne odgovara, jam\u010dimo povrat novca.* <\/p>\n","protected":false},"excerpt":{"rendered":"<div class=\"et_pb_module et_pb_wc_description et_pb_wc_description_0_tb_body et_pb_bg_layout_light et_pb_text_align_left\">\n<div class=\"et_pb_module_inner\">\n<p data-start=\"359\" data-end=\"567\"><strong data-start=\"359\" data-end=\"396\">Dje\u010dje biciklisti\u010dke sjedalice WeeRide<\/strong> postavljene su sprijeda, izme\u0111u roditelja i upravlja\u010da, \u0161to omogu\u0107uje bolji nadzor i ve\u0107i kontakt s djetetom. Idealne su za svakodnevnu vo\u017enju, izlete ili odmor na biciklu.<br \/>\nSjedalica<strong data-start=\"67\" data-end=\"95\"> WeeRide Deluxe<\/strong> nudi dodatnu stabilnost s vi\u0161im i mekano podstavljenim stranicama te prednjim naslonom. <\/p>\n<p data-start=\"574\" data-end=\"651\">\ud83d\udca1 <em data-start=\"577\" data-end=\"593\">Za\u0161to sprijeda<\/em>? Dijete vidi svijet ispred sebe, a ti ga ima\u0161 cijelo vrijeme na oku.<\/p>\n<h3 data-start=\"653\" data-end=\"677\">Safefront je Weerideova verzija sjedalice za jo\u0161 ve\u0107u sigurnost. Stranice sjedalice su povi\u0161ene za bolju stabilnost djeteta, dodane su trake za sigurnost nogu. Preporu\u010damo za najmla\u0111e putnike.<\/h3>\n<ul data-start=\"678\" data-end=\"898\">\n<li data-start=\"678\" data-end=\"733\">\n<p data-start=\"680\" data-end=\"733\">Primjeren za djecu od 9 mjeseci do max. 4 godina (do 15 kg) <\/p>\n<\/li>\n<li data-start=\"734\" data-end=\"779\">\n<p data-start=\"736\" data-end=\"779\">Mekana, podstavljena potpora za ruke i glavu<\/p>\n<\/li>\n<li data-start=\"780\" data-end=\"808\">\n<p data-start=\"782\" data-end=\"808\">Sigurnosni 5-to\u010dkovni pojas<\/p>\n<\/li>\n<li data-start=\"809\" data-end=\"858\">\n<p data-start=\"811\" data-end=\"858\">Brza i jednostavna monta\u017ea na ve\u0107inu bicikala <\/p>\n<\/li>\n<li data-start=\"859\" data-end=\"898\">\n<p data-start=\"861\" data-end=\"898\">Uklju\u010den univerzalni monta\u017eni nosa\u010d<\/p>\n<\/li>\n<\/ul>\n<h3 data-start=\"900\" data-end=\"922\">\ud83d\udeb4\u200d\u2642\ufe0fPrimjereno za:<\/h3>\n<ul data-start=\"923\" data-end=\"1057\">\n<li data-start=\"923\" data-end=\"980\">\n<p data-start=\"925\" data-end=\"980\">&#8211; gradske, trekking i MTB bicikle (s klasi\u010dnim okvirom)<\/p>\n<\/li>\n<li data-start=\"981\" data-end=\"1023\">\n<p data-start=\"983\" data-end=\"1023\">&#8211; roditelje koji \u017eele bolji kontakt s djetetom<\/p>\n<\/li>\n<li data-start=\"1024\" data-end=\"1057\">\n<p data-start=\"1026\" data-end=\"1057\">&#8211; djecu koja ve\u0107 sjede (od cca 9 mjeseci)<\/p>\n<\/li>\n<\/ul>\n<p><strong>S DODATNIM ADAPTEROM SJEDALICA ODGOVARA 99% SVIH BICIKLA NA TR\u017dI\u0160TU!<\/strong> <a href=\"https:\/\/www.weeride.si\/hr\/ostatak\/weeride-extra-adapter\/\">www.weeride.si\/weeride\/weeride-dodatni-adapter<\/a><\/p>\n<\/div>\n<\/div>\n<p>&nbsp;<\/p>\n","protected":false},"featured_media":49207,"comment_status":"closed","ping_status":"closed","template":"","meta":{"_acf_changed":false,"_seopress_robots_primary_cat":"none","_seopress_titles_title":"","_seopress_titles_desc":"","_seopress_robots_index":"","_et_pb_use_builder":"","_et_pb_old_content":"","_et_gb_content_width":""},"product_brand":[],"product_cat":[79,32],"product_tag":[],"class_list":{"0":"post-44851","1":"product","2":"type-product","3":"status-publish","4":"has-post-thumbnail","6":"product_cat-djecje-sjedalice-za-bicikl","7":"product_cat-weeride","9":"first","10":"instock","11":"sale","12":"purchasable","13":"product-type-simple"},"acf":[],"_links":{"self":[{"href":"https:\/\/www.weeride.si\/hr\/wp-json\/wp\/v2\/product\/44851","targetHints":{"allow":["GET"]}}],"collection":[{"href":"https:\/\/www.weeride.si\/hr\/wp-json\/wp\/v2\/product"}],"about":[{"href":"https:\/\/www.weeride.si\/hr\/wp-json\/wp\/v2\/types\/product"}],"replies":[{"embeddable":true,"href":"https:\/\/www.weeride.si\/hr\/wp-json\/wp\/v2\/comments?post=44851"}],"wp:featuredmedia":[{"embeddable":true,"href":"https:\/\/www.weeride.si\/hr\/wp-json\/wp\/v2\/media\/49207"}],"wp:attachment":[{"href":"https:\/\/www.weeride.si\/hr\/wp-json\/wp\/v2\/media?parent=44851"}],"wp:term":[{"taxonomy":"product_brand","embeddable":true,"href":"https:\/\/www.weeride.si\/hr\/wp-json\/wp\/v2\/product_brand?post=44851"},{"taxonomy":"product_cat","embeddable":true,"href":"https:\/\/www.weeride.si\/hr\/wp-json\/wp\/v2\/product_cat?post=44851"},{"taxonomy":"product_tag","embeddable":true,"href":"https:\/\/www.weeride.si\/hr\/wp-json\/wp\/v2\/product_tag?post=44851"}],"curies":[{"name":"wp","href":"https:\/\/api.w.org\/{rel}","templated":true}]}}