{"id":42410,"date":"2019-11-22T00:28:19","date_gmt":"2019-11-22T00:28:19","guid":{"rendered":"https:\/\/www.weeride.si\/uncategorized\/kazam-mini-bicikl-rose\/"},"modified":"2020-04-04T18:54:20","modified_gmt":"2020-04-04T18:54:20","slug":"kazam-mini-bicikl-rose","status":"publish","type":"product","link":"https:\/\/www.weeride.si\/hr\/kazam-bikes\/kazam-mini-bicikl-rose\/","title":{"rendered":"GURALICA KAZAM MINI &#8211; ROSE"},"content":{"rendered":"<p>\u2013 namijenjeno dobi 12+ mjeseca;<br \/>\n\u2013 visoka kvaliteta i inovativni dizajn;<br \/>\n\u2013 gumirani kota\u010di;<br \/>\n\u2013 zakrivljeni okvir, \u010dvrst ali lagan (1.8 kg);<br \/>\n\u2013 mekane ru\u010dke i udobno sjedalo (visina sjedala od tla: 24 cm);<br \/>\n\u2013 dimenzije proizvoda: Dx\u0160xV 49 cm x 20 cm x 36 cm;<br \/>\n\u2013 nosivost: 18 kg;<br \/>\n\u2013 garancija: 1 godina.<\/p>\n","protected":false},"excerpt":{"rendered":"<p>Guralica KaZAM MINI odli\u010dan je na\u010din da pomognete svom djetetu da razvije motori\u010dke sposobnosti i da se zabavi \u2013 savr\u0161en za sva djeca (12+ mjeseci) koja su aktivno u pokretu.<br \/>\nGuralica KaZAM MINI koristan je za aktivnosti na otvorenom (terasa, dvori\u0161te, park, \u2026), a i tako odli\u010dan je i zabavan za unutarnju upotrebu!<br \/>\nGuralica KaZAM MINI je izvrstan, elegantan i izdr\u017eljiv, dizajniran sa tri kota\u010da i zakrivljenim okvirom.<\/p>\n<p>Guralica KaZAM MINII odli\u010dan je poklon za prvi ro\u0111endan bebe!<\/p>\n","protected":false},"featured_media":42528,"comment_status":"closed","ping_status":"closed","template":"","meta":{"_acf_changed":false,"_seopress_robots_primary_cat":"none","_seopress_titles_title":"","_seopress_titles_desc":"","_seopress_robots_index":"","_et_pb_use_builder":"","_et_pb_old_content":"","_et_gb_content_width":""},"product_brand":[],"product_cat":[31],"product_tag":[],"class_list":{"0":"post-42410","1":"product","2":"type-product","3":"status-publish","4":"has-post-thumbnail","6":"product_cat-kazam-bikes","8":"first","9":"instock","10":"sale","11":"purchasable","12":"product-type-simple"},"acf":[],"_links":{"self":[{"href":"https:\/\/www.weeride.si\/hr\/wp-json\/wp\/v2\/product\/42410","targetHints":{"allow":["GET"]}}],"collection":[{"href":"https:\/\/www.weeride.si\/hr\/wp-json\/wp\/v2\/product"}],"about":[{"href":"https:\/\/www.weeride.si\/hr\/wp-json\/wp\/v2\/types\/product"}],"replies":[{"embeddable":true,"href":"https:\/\/www.weeride.si\/hr\/wp-json\/wp\/v2\/comments?post=42410"}],"wp:featuredmedia":[{"embeddable":true,"href":"https:\/\/www.weeride.si\/hr\/wp-json\/wp\/v2\/media\/42528"}],"wp:attachment":[{"href":"https:\/\/www.weeride.si\/hr\/wp-json\/wp\/v2\/media?parent=42410"}],"wp:term":[{"taxonomy":"product_brand","embeddable":true,"href":"https:\/\/www.weeride.si\/hr\/wp-json\/wp\/v2\/product_brand?post=42410"},{"taxonomy":"product_cat","embeddable":true,"href":"https:\/\/www.weeride.si\/hr\/wp-json\/wp\/v2\/product_cat?post=42410"},{"taxonomy":"product_tag","embeddable":true,"href":"https:\/\/www.weeride.si\/hr\/wp-json\/wp\/v2\/product_tag?post=42410"}],"curies":[{"name":"wp","href":"https:\/\/api.w.org\/{rel}","templated":true}]}}